{"id":9,"date":"2020-02-12T14:02:57","date_gmt":"2020-02-12T12:02:57","guid":{"rendered":"https:\/\/dentischelehrehome.wordpress.com\/?page_id=9"},"modified":"2025-04-04T12:20:12","modified_gmt":"2025-04-04T12:20:12","slug":"blog","status":"publish","type":"page","link":"https:\/\/sichtbarmachen-studentischer-forschung.blogs.uni-hamburg.de\/","title":{"rendered":"Startseite"},"content":{"rendered":"<div class=\"wp-block-image\">\n<figure class=\"alignright size-medium\"><img loading=\"lazy\" decoding=\"async\" width=\"300\" height=\"169\" src=\"https:\/\/sichtbarmachen-studentischer-forschung.blogs.uni-hamburg.de\/wp-content\/uploads\/2024\/09\/52494553378_69c2d81391_k-300x169.jpg\" alt=\"Das Foto zeigt Zuh\u00f6rende eines Vortrags auf einer Konferenz sowie die Vortragende und ihre Pr\u00e4sentation im Hintergrund.\" class=\"wp-image-1492\" srcset=\"https:\/\/sichtbarmachen-studentischer-forschung.blogs.uni-hamburg.de\/wp-content\/uploads\/2024\/09\/52494553378_69c2d81391_k-300x169.jpg 300w, https:\/\/sichtbarmachen-studentischer-forschung.blogs.uni-hamburg.de\/wp-content\/uploads\/2024\/09\/52494553378_69c2d81391_k-1024x576.jpg 1024w, https:\/\/sichtbarmachen-studentischer-forschung.blogs.uni-hamburg.de\/wp-content\/uploads\/2024\/09\/52494553378_69c2d81391_k-768x432.jpg 768w, https:\/\/sichtbarmachen-studentischer-forschung.blogs.uni-hamburg.de\/wp-content\/uploads\/2024\/09\/52494553378_69c2d81391_k-1536x864.jpg 1536w, https:\/\/sichtbarmachen-studentischer-forschung.blogs.uni-hamburg.de\/wp-content\/uploads\/2024\/09\/52494553378_69c2d81391_k-945x532.jpg 945w, https:\/\/sichtbarmachen-studentischer-forschung.blogs.uni-hamburg.de\/wp-content\/uploads\/2024\/09\/52494553378_69c2d81391_k-600x338.jpg 600w, https:\/\/sichtbarmachen-studentischer-forschung.blogs.uni-hamburg.de\/wp-content\/uploads\/2024\/09\/52494553378_69c2d81391_k.jpg 2048w\" sizes=\"auto, (max-width: 300px) 100vw, 300px\" \/><figcaption class=\"wp-element-caption\">Bild: \u00d6ffentl. Abschlusspr\u00e4sentation, Programm &#8222;FoLL&#8220;, Universit\u00e4t G\u00f6ttingen, Quelle: Flickr\/Susanne Wimmelmann<\/figcaption><\/figure>\n<\/div>\n\n\n<p>In den letzten zehn Jahren bekam Forschendes Lernen einen gro\u00dfen Anschub, u.a. durch das Bund-L\u00e4nder-Programm \u201eQualit\u00e4tspakt Lehre\u201c. &nbsp;An Hochschulen entstanden neue und sehr unterschiedliche Lehr-\/Lernformate, die darauf abzielen, Studierenden verst\u00e4rkt selbst\u00e4ndiges Forschen zu erm\u00f6glichen. Die Forschungsprozesse und \u2013ergebnisse wurden zwar an einigen Hochschulen \u00f6ffentlich pr\u00e4sentiert, jedoch ging ihre Sichtbarkeit nicht \u00fcber den universit\u00e4ren Rahmen hinaus. Das \u00e4nderte sich zum einen durch den regen Austausch in der&nbsp; Community zum Forschenden Lernen und den ab 2016 j\u00e4hrlich stattfindenden studentischen Forschungskonferenzen. &nbsp;<\/p>\n\n\n\n<p>Mit dieser Datenbank wollen wir dazu beitragen, die vielen neu entstandenen Formate zu sichten, zu kategorisieren und \u00f6ffentlich zug\u00e4nglich zu machen. Insbesondere sind unsere Ziele:<\/p>\n\n\n\n<ul class=\"wp-block-list\">\n<li>Einen wertsch\u00e4tzenden Rahmen f\u00fcr gelungene Formen des Sichtbarmachens studentischer Forschung \u00fcber die eigene Hochschule hinaus geben<\/li>\n\n\n\n<li>Studierenden Unterst\u00fctzung und Anregung bieten, wie sie ihre Forschungsergebnisse auf unterschiedliche Art und Weise ver\u00f6ffentlichen k\u00f6nnen, damit die Forschungsarbeit eben nicht nur in der Schublade verschwindet<\/li>\n\n\n\n<li>Lehrende und Hochschuldidaktiker*innen und alle, die studentisches Forschen unterst\u00fctzen, dazu anregen, Studierenden Raum und M\u00f6glichkeiten zu geben, in vielf\u00e4ltiger Form deren Forschung darzustellen<\/li>\n\n\n\n<li>Hochschulen Inspiration und Orientierung geben, wie man die Sichtbarkeit studentischer Forschung st\u00e4rken kann<\/li>\n<\/ul>\n\n\n\n<p>Die Datenbank stellt bis dato eine selektive Auswahl an Beispielen dar, die wir gerne stetig erweitern m\u00f6chten. Wir freuen uns daher sehr, wenn Sie uns weitere Beitr\u00e4ge zukommen lassen. Bitte nutzen Sie dazu die folgende PDF-Vorlage zum Ausf\u00fcllen und sende Sie diese an <a href=\"mailto:agfl_dghd@mail.de\">agfl_dghd@mail.de<\/a>. Vielen Dank.<\/p>\n\n\n\n<p><a href=\"https:\/\/sichtbarmachen-studentischer-forschung.blogs.uni-hamburg.de\/wp-content\/uploads\/2025\/03\/Vorlage-Sichtbarkeit-studentischer-Forschung-Lehre.pdf\">Vorlage Herunterladen<\/a><\/p>\n\n\n<div class=\"wp-block-categories-dropdown wp-block-categories\"><label class=\"wp-block-categories__label\" for=\"wp-block-categories-1\">Kategorien<\/label><select  name='category_name' id='wp-block-categories-1' class='postform'>\n\t<option value='-1'>Kategorie ausw\u00e4hlen<\/option>\n\t<option class=\"level-0\" value=\"allgemein\">Allgemein<\/option>\n\t<option class=\"level-0\" value=\"ausstellung\">Ausstellung<\/option>\n\t<option class=\"level-0\" value=\"fuer-studierende\">f\u00fcr Studierende<\/option>\n\t<option class=\"level-0\" value=\"journal-zeitschrift\">Journal \/ Zeitschrift<\/option>\n\t<option class=\"level-0\" value=\"konferenz-kongress-tagung\">Konferenz\/Kongress\/Tagung<\/option>\n\t<option class=\"level-0\" value=\"lehr-lernort\">Lehr-\/Lernort<\/option>\n\t<option class=\"level-0\" value=\"lehr-lernveranstaltung\">Lehr-\/Lernveranstaltung<\/option>\n\t<option class=\"level-0\" value=\"newsletter\">Newsletter<\/option>\n\t<option class=\"level-0\" value=\"physisches-produkt\">Physisches Produkt<\/option>\n\t<option class=\"level-0\" value=\"praesentation-oeffentlich\">Pr\u00e4sentation, \u00f6ffentlich<\/option>\n\t<option class=\"level-0\" value=\"uncategorized\">Uncategorized<\/option>\n\t<option class=\"level-0\" value=\"veroeffentlichung\">Ver\u00f6ffentlichung<\/option>\n\t<option class=\"level-0\" value=\"von-studierenden\">von Studierenden<\/option>\n\t<option class=\"level-0\" value=\"website\">Website<\/option>\n<\/select><script type=\"text\/javascript\">\n\/* <![CDATA[ *\/\n( ( [ dropdownId, homeUrl ] ) => {\n\t\tconst dropdown = document.getElementById( dropdownId );\n\t\tfunction onSelectChange() {\n\t\t\tsetTimeout( () => {\n\t\t\t\tif ( 'escape' === dropdown.dataset.lastkey ) {\n\t\t\t\t\treturn;\n\t\t\t\t}\n\t\t\t\tif ( dropdown.value && dropdown instanceof HTMLSelectElement ) {\n\t\t\t\t\tconst url = new URL( homeUrl );\n\t\t\t\t\turl.searchParams.set( dropdown.name, dropdown.value );\n\t\t\t\t\tlocation.href = url.href;\n\t\t\t\t}\n\t\t\t}, 250 );\n\t\t}\n\t\tfunction onKeyUp( event ) {\n\t\t\tif ( 'Escape' === event.key ) {\n\t\t\t\tdropdown.dataset.lastkey = 'escape';\n\t\t\t} else {\n\t\t\t\tdelete dropdown.dataset.lastkey;\n\t\t\t}\n\t\t}\n\t\tfunction onClick() {\n\t\t\tdelete dropdown.dataset.lastkey;\n\t\t}\n\t\tdropdown.addEventListener( 'keyup', onKeyUp );\n\t\tdropdown.addEventListener( 'click', onClick );\n\t\tdropdown.addEventListener( 'change', onSelectChange );\n\t} )( [\"wp-block-categories-1\",\"https:\/\/sichtbarmachen-studentischer-forschung.blogs.uni-hamburg.de\"] );\n\/\/# sourceURL=build_dropdown_script_block_core_categories\n\/* ]]> *\/\n<\/script>\n\n<\/div>","protected":false},"excerpt":{"rendered":"<p>In den letzten zehn Jahren bekam Forschendes Lernen einen gro\u00dfen Anschub, u.a. durch das Bund-L\u00e4nder-Programm \u201eQualit\u00e4tspakt Lehre\u201c. &nbsp;An Hochschulen entstanden neue und sehr unterschiedliche Lehr-\/Lernformate, die darauf abzielen, Studierenden verst\u00e4rkt selbst\u00e4ndiges Forschen zu erm\u00f6glichen. Die Forschungsprozesse und \u2013ergebnisse wurden zwar&#8230; <a class=\"more-link\" href=\"https:\/\/sichtbarmachen-studentischer-forschung.blogs.uni-hamburg.de\/\">Weiterlesen &rarr;<\/a><\/p>\n","protected":false},"author":4,"featured_media":0,"parent":0,"menu_order":1,"comment_status":"closed","ping_status":"closed","template":"","meta":{"footnotes":""},"class_list":["post-9","page","type-page","status-publish","hentry"],"_links":{"self":[{"href":"https:\/\/sichtbarmachen-studentischer-forschung.blogs.uni-hamburg.de\/index.php?rest_route=\/wp\/v2\/pages\/9","targetHints":{"allow":["GET"]}}],"collection":[{"href":"https:\/\/sichtbarmachen-studentischer-forschung.blogs.uni-hamburg.de\/index.php?rest_route=\/wp\/v2\/pages"}],"about":[{"href":"https:\/\/sichtbarmachen-studentischer-forschung.blogs.uni-hamburg.de\/index.php?rest_route=\/wp\/v2\/types\/page"}],"author":[{"embeddable":true,"href":"https:\/\/sichtbarmachen-studentischer-forschung.blogs.uni-hamburg.de\/index.php?rest_route=\/wp\/v2\/users\/4"}],"replies":[{"embeddable":true,"href":"https:\/\/sichtbarmachen-studentischer-forschung.blogs.uni-hamburg.de\/index.php?rest_route=%2Fwp%2Fv2%2Fcomments&post=9"}],"version-history":[{"count":21,"href":"https:\/\/sichtbarmachen-studentischer-forschung.blogs.uni-hamburg.de\/index.php?rest_route=\/wp\/v2\/pages\/9\/revisions"}],"predecessor-version":[{"id":1686,"href":"https:\/\/sichtbarmachen-studentischer-forschung.blogs.uni-hamburg.de\/index.php?rest_route=\/wp\/v2\/pages\/9\/revisions\/1686"}],"wp:attachment":[{"href":"https:\/\/sichtbarmachen-studentischer-forschung.blogs.uni-hamburg.de\/index.php?rest_route=%2Fwp%2Fv2%2Fmedia&parent=9"}],"curies":[{"name":"wp","href":"https:\/\/api.w.org\/{rel}","templated":true}]}}