{"id":8,"date":"2020-02-12T14:02:59","date_gmt":"2020-02-12T12:02:59","guid":{"rendered":"https:\/\/dentischelehrehome.wordpress.com\/?page_id=7"},"modified":"2024-05-30T12:52:14","modified_gmt":"2024-05-30T12:52:14","slug":"blog-feed","status":"publish","type":"page","link":"https:\/\/sichtbarmachen-studentischer-forschung.blogs.uni-hamburg.de\/?page_id=8","title":{"rendered":"Studentische Forschung &amp; Lehre"},"content":{"rendered":"\n<div class=\"wp-block-media-text alignwide has-media-on-the-right is-stacked-on-mobile\" style=\"grid-template-columns:auto 19%\"><div class=\"wp-block-media-text__content\">\n<p><\/p>\n<\/div><figure class=\"wp-block-media-text__media\"><img decoding=\"async\" src=\"https:\/\/dentischelehrehome.files.wordpress.com\/2020\/03\/flyer1-1.jpg?w=872\" alt=\"\" class=\"wp-image-171 size-full\"\/><\/figure><\/div>\n\n\n<p><strong>Hier finden Sie eine \u00dcbersicht \u00fcber alle studentische Lehr-\/Lernprojekte der verkn\u00fcpften Universit\u00e4ten. W\u00e4hlen Sie eine Kategorie aus, um die Auswahl einzugrenzen.<\/strong><\/p>\n\n<div class=\"wp-block-categories-dropdown wp-block-categories\"><label class=\"wp-block-categories__label\" for=\"wp-block-categories-1\">Kategorien<\/label><select  name='category_name' id='wp-block-categories-1' class='postform'>\n\t<option value='-1'>Kategorie ausw\u00e4hlen<\/option>\n\t<option class=\"level-0\" value=\"allgemein\">Allgemein<\/option>\n\t<option class=\"level-0\" value=\"ausstellung\">Ausstellung<\/option>\n\t<option class=\"level-0\" value=\"fuer-studierende\">f\u00fcr Studierende<\/option>\n\t<option class=\"level-0\" value=\"journal-zeitschrift\">Journal \/ Zeitschrift<\/option>\n\t<option class=\"level-0\" value=\"konferenz-kongress-tagung\">Konferenz\/Kongress\/Tagung<\/option>\n\t<option class=\"level-0\" value=\"lehr-lernort\">Lehr-\/Lernort<\/option>\n\t<option class=\"level-0\" value=\"lehr-lernveranstaltung\">Lehr-\/Lernveranstaltung<\/option>\n\t<option class=\"level-0\" value=\"newsletter\">Newsletter<\/option>\n\t<option class=\"level-0\" value=\"physisches-produkt\">Physisches Produkt<\/option>\n\t<option class=\"level-0\" value=\"praesentation-oeffentlich\">Pr\u00e4sentation, \u00f6ffentlich<\/option>\n\t<option class=\"level-0\" value=\"uncategorized\">Uncategorized<\/option>\n\t<option class=\"level-0\" value=\"veroeffentlichung\">Ver\u00f6ffentlichung<\/option>\n\t<option class=\"level-0\" value=\"von-studierenden\">von Studierenden<\/option>\n\t<option class=\"level-0\" value=\"website\">Website<\/option>\n<\/select><script type=\"text\/javascript\">\n\/* <![CDATA[ *\/\n( ( [ dropdownId, homeUrl ] ) => {\n\t\tconst dropdown = document.getElementById( dropdownId );\n\t\tfunction onSelectChange() {\n\t\t\tsetTimeout( () => {\n\t\t\t\tif ( 'escape' === dropdown.dataset.lastkey ) {\n\t\t\t\t\treturn;\n\t\t\t\t}\n\t\t\t\tif ( dropdown.value && dropdown instanceof HTMLSelectElement ) {\n\t\t\t\t\tconst url = new URL( homeUrl );\n\t\t\t\t\turl.searchParams.set( dropdown.name, dropdown.value );\n\t\t\t\t\tlocation.href = url.href;\n\t\t\t\t}\n\t\t\t}, 250 );\n\t\t}\n\t\tfunction onKeyUp( event ) {\n\t\t\tif ( 'Escape' === event.key ) {\n\t\t\t\tdropdown.dataset.lastkey = 'escape';\n\t\t\t} else {\n\t\t\t\tdelete dropdown.dataset.lastkey;\n\t\t\t}\n\t\t}\n\t\tfunction onClick() {\n\t\t\tdelete dropdown.dataset.lastkey;\n\t\t}\n\t\tdropdown.addEventListener( 'keyup', onKeyUp );\n\t\tdropdown.addEventListener( 'click', onClick );\n\t\tdropdown.addEventListener( 'change', onSelectChange );\n\t} )( [\"wp-block-categories-1\",\"https:\/\/sichtbarmachen-studentischer-forschung.blogs.uni-hamburg.de\"] );\n\/\/# sourceURL=build_dropdown_script_block_core_categories\n\/* ]]> *\/\n<\/script>\n\n<\/div>\n\n\n<div style=\"height:100px\" aria-hidden=\"true\" class=\"wp-block-spacer\"><\/div>\n\n\n\n<p>Sie suchen Anregungen, wie denn studentische Forschung und studentische Lehr-\/Lernprojekte &nbsp;sichtbar gemacht werden k\u00f6nnen? Dann finden Sie hier in der Datenbank eine \u00dcbersicht zu allen bis heute erfassten Formaten, die zeigen, wie das gelingen kann. Alle hier vorgestellten Beispiele wurden bereits erfolgreich erprobt und sind auch \u00fcbertragbar auf andere Hochschulen oder in andere F\u00e4cher oder Disziplinen.<\/p>\n\n\n\n<p>Um Ihnen die Vielf\u00e4ltigkeit der Formate vorzustellen, ist hier eine kleine Auswahl:<\/p>\n\n\n\n<ul class=\"wp-block-list\">\n<li>Studierende m\u00f6chten nicht, dass ihre Arbeiten in der Schublade verschwinden. Sie suchen nach M\u00f6glichkeiten, ihre Forschung anhand eines Posters zu pr\u00e4sentieren oder im Rahmen einer Ausstellung besondere Objekte \u00f6ffentlich zu zeigen. Dies kann sowohl in Museen o.\u00e4. R\u00e4umlichkeiten geschehen als auch an Lernorten drau\u00dfen vor Ort im Gel\u00e4nde.<\/li>\n\n\n\n<li>Auf Kongressen und Konferenzen k\u00f6nnen besonders <a>gute<\/a><a href=\"#_msocom_1\">[sw1]<\/a>&nbsp; Bachelor- oder Masterarbeiten hinsichtlich der Ergebnisse aber auch der Erfahrungen mit Forschungsmethoden vorgestellt und mit dem Publikum diskutiert werden. Die j\u00e4hrlich stattfindenden Konferenzen f\u00fcr studentische Forschung laden dazu ein und bringen Studierende aus dem gesamten Bundesgebiet immer wieder zusammen.<\/li>\n\n\n\n<li>Aber auch andere Formate, wie studentische Journals, die fachspezifisch oder interdisziplin\u00e4r ausgerichtet und mittlerweile schon an vielen Universit\u00e4ten zu finden sind, bieten M\u00f6glichkeiten zu ersten Ver\u00f6ffentlichungen von Recherche-, Projekt- und Forschungsarbeiten &#8211; und dies auch nicht nur f\u00fcr die Studierenden der eigenen Hochschule.<\/li>\n\n\n\n<li>Im Zuge der Digitalisierung kommen verst\u00e4rkt auch Formate hinzu, wie z.B. digitale Landkarten zur Literatur oder Orten der Erinnerungskultur, Game Labs oder Podcasts, die von Studierenden entwickelt und produziert worden sind.<\/li>\n<\/ul>\n\n\n\n<p>W\u00e4hlen Sie eine Kategorie aus, um die Auswahl einzugrenzen.<\/p>\n\n\n\n<hr class=\"wp-block-separator has-css-opacity\"\/>\n","protected":false},"excerpt":{"rendered":"<p>Hier finden Sie eine \u00dcbersicht \u00fcber alle studentische Lehr-\/Lernprojekte der verkn\u00fcpften Universit\u00e4ten. W\u00e4hlen Sie eine Kategorie aus, um die Auswahl einzugrenzen. Sie suchen Anregungen, wie denn studentische Forschung und studentische Lehr-\/Lernprojekte &nbsp;sichtbar gemacht werden k\u00f6nnen? Dann finden Sie hier in&#8230; <a class=\"more-link\" href=\"https:\/\/sichtbarmachen-studentischer-forschung.blogs.uni-hamburg.de\/?page_id=8\">Weiterlesen &rarr;<\/a><\/p>\n","protected":false},"author":4,"featured_media":0,"parent":0,"menu_order":2,"comment_status":"closed","ping_status":"closed","template":"","meta":{"footnotes":""},"class_list":["post-8","page","type-page","status-publish","hentry"],"_links":{"self":[{"href":"https:\/\/sichtbarmachen-studentischer-forschung.blogs.uni-hamburg.de\/index.php?rest_route=\/wp\/v2\/pages\/8","targetHints":{"allow":["GET"]}}],"collection":[{"href":"https:\/\/sichtbarmachen-studentischer-forschung.blogs.uni-hamburg.de\/index.php?rest_route=\/wp\/v2\/pages"}],"about":[{"href":"https:\/\/sichtbarmachen-studentischer-forschung.blogs.uni-hamburg.de\/index.php?rest_route=\/wp\/v2\/types\/page"}],"author":[{"embeddable":true,"href":"https:\/\/sichtbarmachen-studentischer-forschung.blogs.uni-hamburg.de\/index.php?rest_route=\/wp\/v2\/users\/4"}],"replies":[{"embeddable":true,"href":"https:\/\/sichtbarmachen-studentischer-forschung.blogs.uni-hamburg.de\/index.php?rest_route=%2Fwp%2Fv2%2Fcomments&post=8"}],"version-history":[{"count":10,"href":"https:\/\/sichtbarmachen-studentischer-forschung.blogs.uni-hamburg.de\/index.php?rest_route=\/wp\/v2\/pages\/8\/revisions"}],"predecessor-version":[{"id":1257,"href":"https:\/\/sichtbarmachen-studentischer-forschung.blogs.uni-hamburg.de\/index.php?rest_route=\/wp\/v2\/pages\/8\/revisions\/1257"}],"wp:attachment":[{"href":"https:\/\/sichtbarmachen-studentischer-forschung.blogs.uni-hamburg.de\/index.php?rest_route=%2Fwp%2Fv2%2Fmedia&parent=8"}],"curies":[{"name":"wp","href":"https:\/\/api.w.org\/{rel}","templated":true}]}}