{"id":159,"date":"2020-03-03T12:33:03","date_gmt":"2020-03-03T10:33:03","guid":{"rendered":"http:\/\/dentischelehre.home.blog\/?page_id=159"},"modified":"2024-09-18T11:29:44","modified_gmt":"2024-09-18T11:29:44","slug":"relevanz-selbstverstandnis-forschendes-lernen","status":"publish","type":"page","link":"https:\/\/sichtbarmachen-studentischer-forschung.blogs.uni-hamburg.de\/?page_id=159","title":{"rendered":"Relevanz &amp; Selbstverst\u00e4ndnis"},"content":{"rendered":"<div class=\"wp-block-image\">\n<figure class=\"aligncenter size-large\"><a href=\"https:\/\/www.pexels.com\/de-de\/foto\/foto-von-leuten-die-handshakes-tun-3183197\/\"><img loading=\"lazy\" decoding=\"async\" width=\"1024\" height=\"683\" src=\"https:\/\/sichtbarmachen-studentischer-forschung.blogs.uni-hamburg.de\/wp-content\/uploads\/2024\/05\/pexels-fauxels-3183197-1024x683.jpg\" alt=\"Eine Gruppe an Personen sitzt an einem Tisch zusammen und brainstromt.\" class=\"wp-image-1224\" srcset=\"https:\/\/sichtbarmachen-studentischer-forschung.blogs.uni-hamburg.de\/wp-content\/uploads\/2024\/05\/pexels-fauxels-3183197-1024x683.jpg 1024w, https:\/\/sichtbarmachen-studentischer-forschung.blogs.uni-hamburg.de\/wp-content\/uploads\/2024\/05\/pexels-fauxels-3183197-300x200.jpg 300w, https:\/\/sichtbarmachen-studentischer-forschung.blogs.uni-hamburg.de\/wp-content\/uploads\/2024\/05\/pexels-fauxels-3183197-768x513.jpg 768w, https:\/\/sichtbarmachen-studentischer-forschung.blogs.uni-hamburg.de\/wp-content\/uploads\/2024\/05\/pexels-fauxels-3183197-1536x1025.jpg 1536w, https:\/\/sichtbarmachen-studentischer-forschung.blogs.uni-hamburg.de\/wp-content\/uploads\/2024\/05\/pexels-fauxels-3183197-2048x1367.jpg 2048w, https:\/\/sichtbarmachen-studentischer-forschung.blogs.uni-hamburg.de\/wp-content\/uploads\/2024\/05\/pexels-fauxels-3183197-945x631.jpg 945w, https:\/\/sichtbarmachen-studentischer-forschung.blogs.uni-hamburg.de\/wp-content\/uploads\/2024\/05\/pexels-fauxels-3183197-600x400.jpg 600w\" sizes=\"auto, (max-width: 1024px) 100vw, 1024px\" \/><\/a><\/figure>\n<\/div>\n\n\n<p>Quelle: Pexels<\/p>\n\n\n<p>Mit der Datenbank wurde ein Ort geschaffen, an dem studentische Forschungen unterschiedlicher Formate, Hochschulen und F\u00e4cher gesammelt und nach Kategorien systematisiert werden k\u00f6nnen. Dadurch erhalten andere Studierende Mut zum Durchf\u00fchren eigener Forschungsprojekte, Lehrende Anregungen zum Begleiten studentischer Forschungen und Hochschulen eine Orientierung, wie die Sichtbarkeit studentischer Forschungen gest\u00e4rkt werden kann. Sichtbarmachen von studentischer Forschung geh\u00f6rt zum Leitgedanken des didaktischen Konzepts \u201eForschendes Lernen\u201c:\u00a0 Das, was in der forschenden Community geschieht, soll auch sichtbar gemacht werden f\u00fcr andere Forschende und die Gesellschaft.<\/p>","protected":false},"excerpt":{"rendered":"<p>Quelle: Pexels Mit der Datenbank wurde ein Ort geschaffen, an dem studentische Forschungen unterschiedlicher Formate, Hochschulen und F\u00e4cher gesammelt und nach Kategorien systematisiert werden k\u00f6nnen. Dadurch erhalten andere Studierende Mut zum Durchf\u00fchren eigener Forschungsprojekte, Lehrende Anregungen zum Begleiten studentischer Forschungen&#8230; <a class=\"more-link\" href=\"https:\/\/sichtbarmachen-studentischer-forschung.blogs.uni-hamburg.de\/?page_id=159\">Weiterlesen &rarr;<\/a><\/p>\n","protected":false},"author":4,"featured_media":0,"parent":0,"menu_order":0,"comment_status":"closed","ping_status":"closed","template":"","meta":{"footnotes":""},"class_list":["post-159","page","type-page","status-publish","hentry"],"_links":{"self":[{"href":"https:\/\/sichtbarmachen-studentischer-forschung.blogs.uni-hamburg.de\/index.php?rest_route=\/wp\/v2\/pages\/159","targetHints":{"allow":["GET"]}}],"collection":[{"href":"https:\/\/sichtbarmachen-studentischer-forschung.blogs.uni-hamburg.de\/index.php?rest_route=\/wp\/v2\/pages"}],"about":[{"href":"https:\/\/sichtbarmachen-studentischer-forschung.blogs.uni-hamburg.de\/index.php?rest_route=\/wp\/v2\/types\/page"}],"author":[{"embeddable":true,"href":"https:\/\/sichtbarmachen-studentischer-forschung.blogs.uni-hamburg.de\/index.php?rest_route=\/wp\/v2\/users\/4"}],"replies":[{"embeddable":true,"href":"https:\/\/sichtbarmachen-studentischer-forschung.blogs.uni-hamburg.de\/index.php?rest_route=%2Fwp%2Fv2%2Fcomments&post=159"}],"version-history":[{"count":5,"href":"https:\/\/sichtbarmachen-studentischer-forschung.blogs.uni-hamburg.de\/index.php?rest_route=\/wp\/v2\/pages\/159\/revisions"}],"predecessor-version":[{"id":1490,"href":"https:\/\/sichtbarmachen-studentischer-forschung.blogs.uni-hamburg.de\/index.php?rest_route=\/wp\/v2\/pages\/159\/revisions\/1490"}],"wp:attachment":[{"href":"https:\/\/sichtbarmachen-studentischer-forschung.blogs.uni-hamburg.de\/index.php?rest_route=%2Fwp%2Fv2%2Fmedia&parent=159"}],"curies":[{"name":"wp","href":"https:\/\/api.w.org\/{rel}","templated":true}]}}