{"id":1264,"date":"2024-05-30T13:01:31","date_gmt":"2024-05-30T13:01:31","guid":{"rendered":"https:\/\/sichtbarmachen-studentischer-forschung.blogs.uni-hamburg.de\/?page_id=1264"},"modified":"2026-02-17T15:17:14","modified_gmt":"2026-02-17T15:17:14","slug":"impressum","status":"publish","type":"page","link":"https:\/\/sichtbarmachen-studentischer-forschung.blogs.uni-hamburg.de\/?page_id=1264","title":{"rendered":"Impressum"},"content":{"rendered":"\n<p>Universit\u00e4t Hamburg&nbsp;<br>Mittelweg 177&nbsp;<br>20148 Hamburg&nbsp;<br>Deutschland&nbsp;<br>Tel.: +49 40 42838-0&nbsp;<br>E-Mail:&nbsp;<a href=\"mailto:medien@uni-hamburg.de\">medien@uni-hamburg.de<\/a><\/p>\n\n\n\n<h2 class=\"wp-block-heading\" id=\"inhaltliche-verantwortlichkeit-i-s-v-5-tmg-und-18-abs-2-mstv\">Inhaltlich verantwortlich<\/h2>\n\n\n\n<p>Dr. Eileen L\u00fcbcke<br>Universit\u00e4t Hamburg<br>Hamburger Zentrum f\u00fcr Universit\u00e4res Lehren und Lernen (HUL)<br>Jungiusstra\u00dfe 9<br>20355 Hamburg<\/p>\n\n\n\n<p>Tel.:&nbsp;<a href=\"tel:+49-40-42838-9645\">+49 40 42838-9645<\/a><br>E-Mail:&nbsp;<a href=\"mailto:eileen.luebcke@uni-hamburg.de\">eileen.luebcke@uni-hamburg.de<\/a><\/p>\n\n\n\n<h2 class=\"wp-block-heading\" id=\"technische-verantwortlichkeit\">Technisch verantwortlich<\/h2>\n\n\n\n<p><em>Webmaster\/in:<\/em><\/p>\n\n\n\n<p>David Ziegenhagen<br>Universit\u00e4t Hamburg<br>Hamburger Zentrum f\u00fcr Universit\u00e4res Lehren und Lernen (HUL)<br>Jungiusstra\u00dfe 9<br>20355 Hamburg<\/p>\n\n\n\n<p>E-Mail:&nbsp;<a href=\"mailto:david.ziegenhagen@uni-hamburg.de\">david.ziegenhagen@uni-hamburg.de<\/a><\/p>\n\n\n\n<h2 class=\"wp-block-heading\" id=\"rechtsform-und-gesetzliche-vertretung\">Rechtsform und gesetzliche Vertretung<\/h2>\n\n\n\n<p>Die Universit\u00e4t Hamburg ist eine K\u00f6rperschaft des \u00d6ffentlichen Rechts.&nbsp;Sie wird gesetzlich vertreten durch Univ.-Prof. Dr. Hauke Heekeren, Pr\u00e4sident der Universit\u00e4t Hamburg, Mittelweg 177, 20148 Hamburg, Deutschland.<\/p>\n\n\n\n<h2 class=\"wp-block-heading\" id=\"toc_5\">Zust\u00e4ndige Aufsichtsbeh\u00f6rde<\/h2>\n\n\n\n<p>Beh\u00f6rde f\u00fcr Wissenschaft, Forschung und Gleichstellung der Freien und Hansestadt Hamburg<br>Hamburger Stra\u00dfe 37, 22083 Hamburg<\/p>\n\n\n\n<h2 class=\"wp-block-heading\" id=\"toc_6\">Umsatzsteueridentifikationsnummer<\/h2>\n\n\n\n<p id=\"rechtsform-und-gesetzliche-vertretung\">DE 245 584 140<\/p>\n","protected":false},"excerpt":{"rendered":"<p>Universit\u00e4t Hamburg&nbsp;Mittelweg 177&nbsp;20148 Hamburg&nbsp;Deutschland&nbsp;Tel.: +49 40 42838-0&nbsp;E-Mail:&nbsp;medien@uni-hamburg.de Inhaltlich verantwortlich Dr. Eileen L\u00fcbckeUniversit\u00e4t HamburgHamburger Zentrum f\u00fcr Universit\u00e4res Lehren und Lernen (HUL)Jungiusstra\u00dfe 920355 Hamburg Tel.:&nbsp;+49 40 42838-9645E-Mail:&nbsp;eileen.luebcke@uni-hamburg.de Technisch verantwortlich Webmaster\/in: David ZiegenhagenUniversit\u00e4t HamburgHamburger Zentrum f\u00fcr Universit\u00e4res Lehren und Lernen (HUL)Jungiusstra\u00dfe 920355 Hamburg&#8230; <a class=\"more-link\" href=\"https:\/\/sichtbarmachen-studentischer-forschung.blogs.uni-hamburg.de\/?page_id=1264\">Weiterlesen &rarr;<\/a><\/p>\n","protected":false},"author":2,"featured_media":0,"parent":0,"menu_order":0,"comment_status":"closed","ping_status":"closed","template":"","meta":{"footnotes":""},"class_list":["post-1264","page","type-page","status-publish","hentry"],"_links":{"self":[{"href":"https:\/\/sichtbarmachen-studentischer-forschung.blogs.uni-hamburg.de\/index.php?rest_route=\/wp\/v2\/pages\/1264","targetHints":{"allow":["GET"]}}],"collection":[{"href":"https:\/\/sichtbarmachen-studentischer-forschung.blogs.uni-hamburg.de\/index.php?rest_route=\/wp\/v2\/pages"}],"about":[{"href":"https:\/\/sichtbarmachen-studentischer-forschung.blogs.uni-hamburg.de\/index.php?rest_route=\/wp\/v2\/types\/page"}],"author":[{"embeddable":true,"href":"https:\/\/sichtbarmachen-studentischer-forschung.blogs.uni-hamburg.de\/index.php?rest_route=\/wp\/v2\/users\/2"}],"replies":[{"embeddable":true,"href":"https:\/\/sichtbarmachen-studentischer-forschung.blogs.uni-hamburg.de\/index.php?rest_route=%2Fwp%2Fv2%2Fcomments&post=1264"}],"version-history":[{"count":4,"href":"https:\/\/sichtbarmachen-studentischer-forschung.blogs.uni-hamburg.de\/index.php?rest_route=\/wp\/v2\/pages\/1264\/revisions"}],"predecessor-version":[{"id":1698,"href":"https:\/\/sichtbarmachen-studentischer-forschung.blogs.uni-hamburg.de\/index.php?rest_route=\/wp\/v2\/pages\/1264\/revisions\/1698"}],"wp:attachment":[{"href":"https:\/\/sichtbarmachen-studentischer-forschung.blogs.uni-hamburg.de\/index.php?rest_route=%2Fwp%2Fv2%2Fmedia&parent=1264"}],"curies":[{"name":"wp","href":"https:\/\/api.w.org\/{rel}","templated":true}]}}