{"id":1242,"date":"2024-05-30T12:25:43","date_gmt":"2024-05-30T12:25:43","guid":{"rendered":"https:\/\/sichtbarmachen-studentischer-forschung.blogs.uni-hamburg.de\/?page_id=1242"},"modified":"2024-09-18T11:27:09","modified_gmt":"2024-09-18T11:27:09","slug":"genese","status":"publish","type":"page","link":"https:\/\/sichtbarmachen-studentischer-forschung.blogs.uni-hamburg.de\/?page_id=1242","title":{"rendered":"Genese"},"content":{"rendered":"\n<figure class=\"wp-block-image size-large\"><a href=\"https:\/\/pixabay.com\/de\/photos\/bleistift-bleistifte-791107\/\"><img loading=\"lazy\" decoding=\"async\" width=\"1024\" height=\"682\" src=\"https:\/\/sichtbarmachen-studentischer-forschung.blogs.uni-hamburg.de\/wp-content\/uploads\/2024\/09\/pencil-791107_1280-1024x682.jpg\" alt=\"\" class=\"wp-image-1488\" srcset=\"https:\/\/sichtbarmachen-studentischer-forschung.blogs.uni-hamburg.de\/wp-content\/uploads\/2024\/09\/pencil-791107_1280-1024x682.jpg 1024w, https:\/\/sichtbarmachen-studentischer-forschung.blogs.uni-hamburg.de\/wp-content\/uploads\/2024\/09\/pencil-791107_1280-300x200.jpg 300w, https:\/\/sichtbarmachen-studentischer-forschung.blogs.uni-hamburg.de\/wp-content\/uploads\/2024\/09\/pencil-791107_1280-768x512.jpg 768w, https:\/\/sichtbarmachen-studentischer-forschung.blogs.uni-hamburg.de\/wp-content\/uploads\/2024\/09\/pencil-791107_1280-945x630.jpg 945w, https:\/\/sichtbarmachen-studentischer-forschung.blogs.uni-hamburg.de\/wp-content\/uploads\/2024\/09\/pencil-791107_1280-600x400.jpg 600w, https:\/\/sichtbarmachen-studentischer-forschung.blogs.uni-hamburg.de\/wp-content\/uploads\/2024\/09\/pencil-791107_1280.jpg 1280w\" sizes=\"auto, (max-width: 1024px) 100vw, 1024px\" \/><\/a><\/figure>\n\n\n\n<p>Quelle: Pixabay<\/p>\n\n\n\n<p class=\"has-text-align-left\">Die Initiative zum Entwickeln der Datenbank ging von einer Gruppe von Mitgliedern der AG Forschendes Lernen in der Deutschen Gesellschaft f\u00fcr Hochschuldidaktik (DGHD)<a href=\"#_ftn1\">[1]<\/a> aus.<\/p>\n\n\n\n<p class=\"has-text-align-left\">Uns ist es wichtig, dass die Datenbank offen ist f\u00fcr fortlaufende Erg\u00e4nzungen zu gelungenen Formaten studentischer Forschungen.&nbsp; Ggf. k\u00f6nnte sich im Laufe der Zeit die Notwendigkeit ergeben, bestehende Kategorien zu \u00fcberarbeiten und\/oder neue hinzuzuf\u00fcgen.<\/p>\n\n\n\n<p class=\"has-text-align-left\">Eine Datenbank lebt \u2013genauso wie das didaktische Konzept des Forschenden Lernens- von Reflexion und dem Austausch miteinander. Deshalb z\u00f6gern Sie nicht, bei Fragen und Verbesserungsvorschl\u00e4gen auf uns zuzukommen. Die Ansprechpartnerinnen finden Sie auf der Kontaktseite.<\/p>\n\n\n\n<p><a href=\"https:\/\/sichtbarmachen-studentischer-forschung.blogs.uni-hamburg.de\/wp-admin\/edit.php?post_type=page\"><\/a><\/p>\n\n\n\n<p><a href=\"#_ftnref1\">[1]<\/a> Genaueres unter <a href=\"https:\/\/www.dghd.de\/community\/arbeitsgruppen\/ag-forschendes-lernen\/\">https:\/\/www.dghd.de\/community\/arbeitsgruppen\/ag-forschendes-lernen\/<\/a><\/p>\n","protected":false},"excerpt":{"rendered":"<p>Quelle: Pixabay Die Initiative zum Entwickeln der Datenbank ging von einer Gruppe von Mitgliedern der AG Forschendes Lernen in der Deutschen Gesellschaft f\u00fcr Hochschuldidaktik (DGHD)[1] aus. Uns ist es wichtig, dass die Datenbank offen ist f\u00fcr fortlaufende Erg\u00e4nzungen zu gelungenen&#8230; <a class=\"more-link\" href=\"https:\/\/sichtbarmachen-studentischer-forschung.blogs.uni-hamburg.de\/?page_id=1242\">Weiterlesen &rarr;<\/a><\/p>\n","protected":false},"author":3,"featured_media":0,"parent":0,"menu_order":0,"comment_status":"closed","ping_status":"closed","template":"","meta":{"footnotes":""},"class_list":["post-1242","page","type-page","status-publish","hentry"],"_links":{"self":[{"href":"https:\/\/sichtbarmachen-studentischer-forschung.blogs.uni-hamburg.de\/index.php?rest_route=\/wp\/v2\/pages\/1242","targetHints":{"allow":["GET"]}}],"collection":[{"href":"https:\/\/sichtbarmachen-studentischer-forschung.blogs.uni-hamburg.de\/index.php?rest_route=\/wp\/v2\/pages"}],"about":[{"href":"https:\/\/sichtbarmachen-studentischer-forschung.blogs.uni-hamburg.de\/index.php?rest_route=\/wp\/v2\/types\/page"}],"author":[{"embeddable":true,"href":"https:\/\/sichtbarmachen-studentischer-forschung.blogs.uni-hamburg.de\/index.php?rest_route=\/wp\/v2\/users\/3"}],"replies":[{"embeddable":true,"href":"https:\/\/sichtbarmachen-studentischer-forschung.blogs.uni-hamburg.de\/index.php?rest_route=%2Fwp%2Fv2%2Fcomments&post=1242"}],"version-history":[{"count":5,"href":"https:\/\/sichtbarmachen-studentischer-forschung.blogs.uni-hamburg.de\/index.php?rest_route=\/wp\/v2\/pages\/1242\/revisions"}],"predecessor-version":[{"id":1489,"href":"https:\/\/sichtbarmachen-studentischer-forschung.blogs.uni-hamburg.de\/index.php?rest_route=\/wp\/v2\/pages\/1242\/revisions\/1489"}],"wp:attachment":[{"href":"https:\/\/sichtbarmachen-studentischer-forschung.blogs.uni-hamburg.de\/index.php?rest_route=%2Fwp%2Fv2%2Fmedia&parent=1242"}],"curies":[{"name":"wp","href":"https:\/\/api.w.org\/{rel}","templated":true}]}}